{"id":2549,"date":"2024-04-15T10:29:13","date_gmt":"2024-04-15T10:29:13","guid":{"rendered":"https:\/\/gana.realify.com.mx\/?post_type=product&#038;p=2549"},"modified":"2025-05-14T04:53:28","modified_gmt":"2025-05-14T04:53:28","slug":"realify-profesional","status":"publish","type":"product","link":"https:\/\/gana.realify.com.mx\/en\/product\/realify-profesional\/","title":{"rendered":"Realify Professional"},"content":{"rendered":"<p>[et_pb_section fb_built=&#8221;1&#8243; _builder_version=&#8221;4.16&#8243; background_image=&#8221;https:\/\/gana.realify.com.mx\/wp-content\/uploads\/sites\/8\/2021\/01\/notebook-1280538_1280-980&#215;651-1.jpg&#8221; custom_padding=&#8221;0px||||false|false&#8221; da_disable_devices=&#8221;off|off|off&#8221; global_colors_info=&#8221;{}&#8221; da_is_popup=&#8221;off&#8221; da_exit_intent=&#8221;off&#8221; da_has_close=&#8221;on&#8221; da_alt_close=&#8221;off&#8221; da_dark_close=&#8221;off&#8221; da_not_modal=&#8221;on&#8221; da_is_singular=&#8221;off&#8221; da_with_loader=&#8221;off&#8221; da_has_shadow=&#8221;on&#8221;][et_pb_row _builder_version=&#8221;4.16&#8243; background_size=&#8221;initial&#8221; background_position=&#8221;top_left&#8221; background_repeat=&#8221;repeat&#8221; width=&#8221;100%&#8221; max_width=&#8221;1803px&#8221; custom_padding=&#8221;0px||0px||false|false&#8221; global_colors_info=&#8221;{}&#8221;][et_pb_column type=&#8221;4_4&#8243; _builder_version=&#8221;4.16&#8243; custom_padding=&#8221;|||&#8221; global_colors_info=&#8221;{}&#8221; custom_padding__hover=&#8221;|||&#8221;][et_pb_wc_breadcrumb _builder_version=&#8221;4.16&#8243; global_colors_info=&#8221;{}&#8221;][\/et_pb_wc_breadcrumb][et_pb_wc_cart_notice _builder_version=&#8221;4.16&#8243; global_colors_info=&#8221;{}&#8221;][\/et_pb_wc_cart_notice][\/et_pb_column][\/et_pb_row][et_pb_row column_structure=&#8221;1_2,1_2&#8243; _builder_version=&#8221;4.16&#8243; background_color=&#8221;rgba(255,255,255,0.87)&#8221; background_size=&#8221;initial&#8221; background_position=&#8221;top_left&#8221; background_repeat=&#8221;repeat&#8221; width=&#8221;100%&#8221; custom_padding=&#8221;13px|13px|13px|13px|true|true&#8221; border_radii=&#8221;on|13px|13px|13px|13px&#8221; global_colors_info=&#8221;{}&#8221;][et_pb_column type=&#8221;1_2&#8243; _builder_version=&#8221;4.16&#8243; custom_padding=&#8221;|||&#8221; global_colors_info=&#8221;{}&#8221; custom_padding__hover=&#8221;|||&#8221;][et_pb_wc_images _builder_version=&#8221;4.16&#8243; border_radii=&#8221;on|10px|10px|10px|10px&#8221; global_colors_info=&#8221;{}&#8221;][\/et_pb_wc_images][\/et_pb_column][et_pb_column type=&#8221;1_2&#8243; _builder_version=&#8221;4.16&#8243; custom_padding=&#8221;|||&#8221; global_colors_info=&#8221;{}&#8221; custom_padding__hover=&#8221;|||&#8221;][et_pb_wc_title _builder_version=&#8221;4.16&#8243; custom_margin=&#8221;30px||||false|false&#8221; custom_margin_tablet=&#8221;&#8221; custom_margin_phone=&#8221;&#8221; custom_margin_last_edited=&#8221;on|desktop&#8221; global_colors_info=&#8221;{}&#8221;][\/et_pb_wc_title][et_pb_wc_rating _builder_version=&#8221;4.16&#8243; global_colors_info=&#8221;{}&#8221;][\/et_pb_wc_rating][et_pb_wc_price _builder_version=&#8221;4.16&#8243; global_colors_info=&#8221;{}&#8221;][\/et_pb_wc_price][et_pb_wc_add_to_cart _builder_version=&#8221;4.16&#8243; custom_button=&#8221;on&#8221; button_text_color=&#8221;#ffffff&#8221; button_bg_use_color_gradient=&#8221;on&#8221; button_bg_color_gradient_stops=&#8221;#7cda24 0%|#56bc20 100%&#8221; button_bg_color_gradient_start=&#8221;#7cda24&#8243; button_bg_color_gradient_end=&#8221;#56bc20&#8243; button_border_width=&#8221;0px&#8221; button_border_color=&#8221;#edf000&#8243; button_icon=&#8221;&#xe07a;||divi||400&#8243; button_text_shadow_style=&#8221;preset4&#8243; box_shadow_style_button=&#8221;preset2&#8243; box_shadow_horizontal_button=&#8221;0px&#8221; box_shadow_blur_button=&#8221;7px&#8221; box_shadow_color_button=&#8221;#8f8f8f&#8221; global_colors_info=&#8221;{}&#8221;][\/et_pb_wc_add_to_cart][\/et_pb_column][\/et_pb_row][et_pb_row _builder_version=&#8221;4.16&#8243; background_size=&#8221;initial&#8221; background_position=&#8221;top_left&#8221; background_repeat=&#8221;repeat&#8221; width=&#8221;100%&#8221; global_colors_info=&#8221;{}&#8221;][et_pb_column type=&#8221;4_4&#8243; _builder_version=&#8221;4.16&#8243; custom_padding=&#8221;|||&#8221; global_colors_info=&#8221;{}&#8221; custom_padding__hover=&#8221;|||&#8221;][et_pb_wc_tabs include_tabs=&#8221;description||&#8221; _builder_version=&#8221;4.16&#8243; body_text_color=&#8221;#000000&#8243; global_colors_info=&#8221;{}&#8221;] [\/et_pb_wc_tabs][et_pb_wc_upsells _builder_version=&#8221;4.16&#8243; global_colors_info=&#8221;{}&#8221;][\/et_pb_wc_upsells][et_pb_wc_related_products icon_hover_color=&#8221;rgba(0,0,0,0)&#8221; hover_overlay_color=&#8221;rgba(0,0,0,0)&#8221; _builder_version=&#8221;4.16&#8243; product_title_text_align=&#8221;center&#8221; product_title_font_size=&#8221;16px&#8221; price_text_align=&#8221;center&#8221; price_text_color=&#8221;#000000&#8243; background_color=&#8221;rgba(255,255,255,0.7)&#8221; custom_padding=&#8221;16px|24px|0px|24px|false|true&#8221; border_radii_image=&#8221;on|50px|50px|50px|50px&#8221; global_colors_info=&#8221;{}&#8221;][\/et_pb_wc_related_products][\/et_pb_column][\/et_pb_row][\/et_pb_section]<\/p>","protected":false},"excerpt":{"rendered":"<p>Digitize your business with <strong data-start=\"355\" data-end=\"378\">Realify Professional<\/strong> and offers a <strong data-start=\"392\" data-end=\"413\">unique experience<\/strong> with a menu digital in Augmented Reality. Share your business with QR code, integrates platforms of delivery and facilitates connection with your customers. \ud83d\udcf2\ud83d\ude80<\/p>","protected":false},"featured_media":4489,"template":"","meta":{"_acf_changed":false,"_et_pb_use_builder":"on","_et_pb_old_content":"<ul>\r\n \t<li>\r\n<p data-start=\"654\" data-end=\"730\">\ud83c\udf1f <strong data-start=\"657\" data-end=\"728\">Realify Profesional: Digitalizaci\u00f3n avanzada con Realidad Aumentada<\/strong><\/p>\r\n<p data-start=\"732\" data-end=\"1030\">Si buscas una forma innovadora y atractiva de conectar con tus clientes, <strong data-start=\"805\" data-end=\"828\">Realify Profesional<\/strong> es la soluci\u00f3n ideal. Con este paquete, obtienes un <strong data-start=\"881\" data-end=\"919\">men\u00fa digital en Realidad Aumentada<\/strong>, dise\u00f1ado para captar la atenci\u00f3n y facilitar el acceso a tus productos o servicios con un solo escaneo. \ud83d\ude80\u2728<\/p>\r\n<p data-start=\"1032\" data-end=\"2005\">\ud83d\udd39 <strong data-start=\"1035\" data-end=\"1077\">\u00bfQu\u00e9 obtienes con Realify Profesional?<\/strong><br data-start=\"1077\" data-end=\"1080\" \/>\u2705 <strong data-start=\"1082\" data-end=\"1123\">Tu propio Espacio Digital Interactivo<\/strong>, con dise\u00f1o totalmente personalizado.<br data-start=\"1161\" data-end=\"1164\" \/>\u2705 <strong data-start=\"1166\" data-end=\"1185\">C\u00f3digo QR \u00fanico<\/strong> para que tus clientes accedan f\u00e1cilmente a tu negocio.<br data-start=\"1240\" data-end=\"1243\" \/>\u2705 <strong>Te Dise\u00f1amos e Integramos tu contenido digital (Cat\u00e1logo, Men\u00fa, Servicios o flyer) en Realidad Aumentada<\/strong> (Tama\u00f1o Macro y Portable).<br data-start=\"1345\" data-end=\"1348\" \/>\u2705 <strong data-start=\"1350\" data-end=\"1381\">Botones de contacto directo<\/strong>: WhatsApp, tel\u00e9fono, ubicaci\u00f3n en Google Maps y redes sociales.<br data-start=\"1445\" data-end=\"1448\" \/>\u2705 <strong data-start=\"1450\" data-end=\"1492\">Integraci\u00f3n con plataformas de entrega<\/strong> como Uber Eats y DiDi Food, facilitando los pedidos online.<br data-start=\"1552\" data-end=\"1555\" \/>\u2705 <strong data-start=\"1557\" data-end=\"1588\">Acceso r\u00e1pido para clientes<\/strong>, mejorando la experiencia de usuario y aumentando la conversi\u00f3n.<br data-start=\"1653\" data-end=\"1656\" \/>\u2705 <strong data-start=\"1658\" data-end=\"1686\">1 actualizaci\u00f3n gratuita<\/strong> del contenido en Realidad Aumentada al a\u00f1o.<br data-start=\"1730\" data-end=\"1733\" \/>\u2705 <strong data-start=\"1735\" data-end=\"1760\">Dominio personalizado<\/strong> por 1 a\u00f1o (tunegocio.gana.realify.com.mx).<br data-start=\"1798\" data-end=\"1801\" \/>\u2705 <strong data-start=\"1803\" data-end=\"1839\">Hospedaje web incluido por 1 a\u00f1o<\/strong>.<br data-start=\"1840\" data-end=\"1843\" \/>\u2705 <strong data-start=\"1845\" data-end=\"1871\">Licencia Lifetime DIVI<\/strong> (activa mientras el servicio Realify est\u00e9 vigente).<br data-start=\"1923\" data-end=\"1926\" \/>\u2705 <strong data-start=\"1928\" data-end=\"1953\">Dise\u00f1o web responsivo<\/strong>, optimizado para m\u00f3viles y cualquier dispositivo.<\/p>\r\n<p data-start=\"2007\" data-end=\"2157\">\ud83d\udccc <strong data-start=\"2010\" data-end=\"2155\">Realify Profesional es ideal para restaurantes, tiendas, servicios y negocios que desean una presencia digital atractiva, moderna y efectiva.<\/strong><\/p>\r\n<p data-start=\"2159\" data-end=\"2286\">\ud83d\udca1 <strong data-start=\"2162\" data-end=\"2284\">Convierte tu men\u00fa o flyer en una experiencia inmersiva con Realidad Aumentada. \u00a1Haz que tu negocio destaque hoy mismo!<\/strong><\/p>\r\n<p data-start=\"2288\" data-end=\"2390\">\ud83d\udcf2 <strong data-start=\"2291\" data-end=\"2385\">Contrata Realify Profesional ahora y moderniza tu negocio con lo \u00faltimo en digitalizaci\u00f3n.<\/strong> \ud83d\ude80<\/p>\r\n<\/li>\r\n<\/ul>","_et_gb_content_width":""},"product_brand":[],"product_cat":[77],"product_tag":[28,79],"class_list":{"0":"post-2549","1":"product","2":"type-product","3":"status-publish","4":"has-post-thumbnail","6":"product_cat-ra","7":"product_tag-profesional","8":"product_tag-realify","10":"first","11":"instock","12":"virtual","13":"sold-individually","14":"taxable","15":"product-type-simple"},"acf":[],"_links":{"self":[{"href":"https:\/\/gana.realify.com.mx\/en\/wp-json\/wp\/v2\/product\/2549","targetHints":{"allow":["GET"]}}],"collection":[{"href":"https:\/\/gana.realify.com.mx\/en\/wp-json\/wp\/v2\/product"}],"about":[{"href":"https:\/\/gana.realify.com.mx\/en\/wp-json\/wp\/v2\/types\/product"}],"wp:featuredmedia":[{"embeddable":true,"href":"https:\/\/gana.realify.com.mx\/en\/wp-json\/wp\/v2\/media\/4489"}],"wp:attachment":[{"href":"https:\/\/gana.realify.com.mx\/en\/wp-json\/wp\/v2\/media?parent=2549"}],"wp:term":[{"taxonomy":"product_brand","embeddable":true,"href":"https:\/\/gana.realify.com.mx\/en\/wp-json\/wp\/v2\/product_brand?post=2549"},{"taxonomy":"product_cat","embeddable":true,"href":"https:\/\/gana.realify.com.mx\/en\/wp-json\/wp\/v2\/product_cat?post=2549"},{"taxonomy":"product_tag","embeddable":true,"href":"https:\/\/gana.realify.com.mx\/en\/wp-json\/wp\/v2\/product_tag?post=2549"}],"curies":[{"name":"wp","href":"https:\/\/api.w.org\/{rel}","templated":true}]}}