{"id":6649,"date":"2025-06-04T22:08:24","date_gmt":"2025-06-04T22:08:24","guid":{"rendered":"https:\/\/gana.realify.com.mx\/?page_id=6649"},"modified":"2025-06-04T22:08:33","modified_gmt":"2025-06-04T22:08:33","slug":"aviso-de-privacidad","status":"publish","type":"page","link":"https:\/\/gana.realify.com.mx\/en\/aviso-de-privacidad\/","title":{"rendered":"Aviso de privacidad"},"content":{"rendered":"<p>[et_pb_section fb_built=&#8221;1&#8243; theme_builder_area=&#8221;post_content&#8221; _builder_version=&#8221;4.27.4&#8243; _module_preset=&#8221;default&#8221; da_is_popup=&#8221;off&#8221; da_exit_intent=&#8221;off&#8221; da_has_close=&#8221;on&#8221; da_alt_close=&#8221;off&#8221; da_dark_close=&#8221;off&#8221; da_not_modal=&#8221;on&#8221; da_is_singular=&#8221;off&#8221; da_with_loader=&#8221;off&#8221; da_has_shadow=&#8221;on&#8221; da_disable_devices=&#8221;off|off|off&#8221;][et_pb_row _builder_version=&#8221;4.27.4&#8243; _module_preset=&#8221;default&#8221; theme_builder_area=&#8221;post_content&#8221;][et_pb_column _builder_version=&#8221;4.27.4&#8243; _module_preset=&#8221;default&#8221; type=&#8221;4_4&#8243; theme_builder_area=&#8221;post_content&#8221;][et_pb_text _builder_version=&#8221;4.27.4&#8243; _module_preset=&#8221;default&#8221; theme_builder_area=&#8221;post_content&#8221; custom_margin=&#8221;113px||||false|false&#8221; hover_enabled=&#8221;0&#8243; sticky_enabled=&#8221;0&#8243;]<\/p>\n<h2 data-start=\"390\" data-end=\"423\">\ud83d\udee1\ufe0f Privacy notice \u2013 GANA<\/h2>\n<p data-start=\"425\" data-end=\"465\"><strong data-start=\"425\" data-end=\"450\">Last update: October 1, 2024<\/strong><\/p>\n<p data-start=\"467\" data-end=\"623\">In <strong data-start=\"470\" data-end=\"478\">GANA<\/strong>operated by <strong data-start=\"492\" data-end=\"503\">Realify<\/strong>, we respect and protect your personal data. This notice explains how we collect, use and protect your information.<\/p>\n<h3 data-start=\"625\" data-end=\"653\">1. Data we collect<\/h3>\n<p data-start=\"654\" data-end=\"741\">By registering with our platform or use our services, we may ask for:<\/p>\n<ul data-start=\"742\" data-end=\"926\">\n<li data-start=\"742\" data-end=\"761\">\n<p data-start=\"744\" data-end=\"761\">Full name<\/p>\n<\/li>\n<li data-start=\"762\" data-end=\"784\">\n<p data-start=\"764\" data-end=\"784\">E-mail<\/p>\n<\/li>\n<li data-start=\"785\" data-end=\"806\">\n<p data-start=\"787\" data-end=\"806\">Phone number<\/p>\n<\/li>\n<li data-start=\"807\" data-end=\"873\">\n<p data-start=\"809\" data-end=\"873\">Bank details (only if required for payment of commissions)<\/p>\n<\/li>\n<li data-start=\"874\" data-end=\"926\">\n<p data-start=\"876\" data-end=\"926\">History of referrals or activity in the system<\/p>\n<\/li>\n<\/ul>\n<h3 data-start=\"928\" data-end=\"962\">2. What do we use your data?<\/h3>\n<p data-start=\"963\" data-end=\"994\">We use your information to:<\/p>\n<ul data-start=\"995\" data-end=\"1190\">\n<li data-start=\"995\" data-end=\"1048\">\n<p data-start=\"997\" data-end=\"1048\">Create and manage your account in the program GANA<\/p>\n<\/li>\n<li data-start=\"1049\" data-end=\"1081\">\n<p data-start=\"1051\" data-end=\"1081\">Make payments of commissions<\/p>\n<\/li>\n<li data-start=\"1082\" data-end=\"1153\">\n<p data-start=\"1084\" data-end=\"1153\">To send you notifications, updates, and promotional materials<\/p>\n<\/li>\n<li data-start=\"1154\" data-end=\"1190\">\n<p data-start=\"1156\" data-end=\"1190\">Comply with legal obligations<\/p>\n<\/li>\n<\/ul>\n<h3 data-start=\"1192\" data-end=\"1222\">3. The protection of your data<\/h3>\n<p data-start=\"1223\" data-end=\"1324\">We store your information on secure servers and we take measures to prevent unauthorized access.<\/p>\n<h3 data-start=\"1326\" data-end=\"1354\">4. Share information<\/h3>\n<p data-start=\"1355\" data-end=\"1459\">We do not share your personal data with third parties, except legal obligation or express authorization of yours.<\/p>\n<h3 data-start=\"1461\" data-end=\"1481\">5. ARCO rights<\/h3>\n<p data-start=\"1482\" data-end=\"1596\">You can access, rectify, cancel or oppose the use of your data by writing to us at:<br data-start=\"1567\" data-end=\"1570\" \/>\u2709\ufe0f <strong data-start=\"1573\" data-end=\"1596\"><a data-start=\"1575\" data-end=\"1594\" class=\"cursor-pointer\" rel=\"noopener\">contacto@gana.realify.com.mx<\/a><\/strong><\/p>\n<h3 data-start=\"1598\" data-end=\"1621\">6. Changes to the notice<\/h3>\n<p data-start=\"1622\" data-end=\"1761\">We reserve the right to change this notice. Any changes will be posted on this page with their respective date of updating.<\/p>\n<hr data-start=\"1763\" data-end=\"1766\" \/>\n<p data-start=\"3102\" data-end=\"3226\">[\/et_pb_text][\/et_pb_column][\/et_pb_row][\/et_pb_section]<\/p>","protected":false},"excerpt":{"rendered":"<p>\ud83d\udee1\ufe0f Aviso de Privacidad \u2013 GANA \u00daltima actualizaci\u00f3n: 1 de Octubre de 2024 En GANA, operado por Realify, respetamos y protegemos tus datos personales. Este aviso explica c\u00f3mo recopilamos, usamos y protegemos tu informaci\u00f3n. 1. Datos que recopilamos Al registrarte en nuestra plataforma o al usar nuestros servicios, podemos solicitarte: Nombre completo Correo electr\u00f3nico N\u00famero [&hellip;]<\/p>","protected":false},"author":21,"featured_media":0,"parent":0,"menu_order":0,"comment_status":"closed","ping_status":"closed","template":"","meta":{"_acf_changed":false,"_et_pb_use_builder":"on","_et_pb_old_content":"","_et_gb_content_width":"","footnotes":""},"class_list":["post-6649","page","type-page","status-publish","hentry"],"acf":[],"_links":{"self":[{"href":"https:\/\/gana.realify.com.mx\/en\/wp-json\/wp\/v2\/pages\/6649","targetHints":{"allow":["GET"]}}],"collection":[{"href":"https:\/\/gana.realify.com.mx\/en\/wp-json\/wp\/v2\/pages"}],"about":[{"href":"https:\/\/gana.realify.com.mx\/en\/wp-json\/wp\/v2\/types\/page"}],"author":[{"embeddable":true,"href":"https:\/\/gana.realify.com.mx\/en\/wp-json\/wp\/v2\/users\/21"}],"replies":[{"embeddable":true,"href":"https:\/\/gana.realify.com.mx\/en\/wp-json\/wp\/v2\/comments?post=6649"}],"version-history":[{"count":3,"href":"https:\/\/gana.realify.com.mx\/en\/wp-json\/wp\/v2\/pages\/6649\/revisions"}],"predecessor-version":[{"id":6652,"href":"https:\/\/gana.realify.com.mx\/en\/wp-json\/wp\/v2\/pages\/6649\/revisions\/6652"}],"wp:attachment":[{"href":"https:\/\/gana.realify.com.mx\/en\/wp-json\/wp\/v2\/media?parent=6649"}],"curies":[{"name":"wp","href":"https:\/\/api.w.org\/{rel}","templated":true}]}}